{"id":1921,"date":"2024-12-24T22:15:27","date_gmt":"2024-12-25T03:15:27","guid":{"rendered":"https:\/\/stereovisiondedios.com\/?page_id=1921"},"modified":"2025-08-19T15:40:44","modified_gmt":"2025-08-19T18:40:44","slug":"noticias","status":"publish","type":"page","link":"https:\/\/stereovisiondedios.com\/?page_id=1921","title":{"rendered":"Noticias"},"content":{"rendered":"\t\t<div data-elementor-type=\"wp-page\" data-elementor-id=\"1921\" class=\"elementor elementor-1921\" data-elementor-post-type=\"page\">\n\t\t\t\t<div class=\"elementor-element elementor-element-993595a e-flex e-con-boxed e-con e-parent\" data-id=\"993595a\" data-element_type=\"container\">\n\t\t\t\t\t<div class=\"e-con-inner\">\n\t\t\t\t<div class=\"elementor-element elementor-element-c31d765 elementor-widget elementor-widget-elty_section_4\" data-id=\"c31d765\" data-element_type=\"widget\" data-widget_type=\"elty_section_4.default\">\n\t\t\t\t<div class=\"elementor-widget-container\">\n\t\t\t\t\t      <div class=\"elty-section-4\">\r\n                     <div class=\"elty-section__title\">\r\n               <h2>\u00daltimas entradas<\/h2>\r\n            <\/div>\r\n                  <div class=\"elty-section__items\">\r\n   \r\n<article class=\"related-item\">\r\n   <picture class=\"related-item__thumbnail\">\r\n      <a href=\"https:\/\/stereovisiondedios.com\/?p=7508\"><img decoding=\"async\" src=\"https:\/\/placehold.co\/500x500?text=No image\" alt=\"Franklin Graham desestima las cr\u00edticas a la foto de Trump con rasgos de Jes\u00fas\" \/><\/a>\r\n   <\/picture>\r\n   <div class=\"related-item__body\">\r\n      <a href=\"https:\/\/stereovisiondedios.com\/?cat=1\" class=\"nexopost\">NexoPost<\/a>      <h2><a href=\"https:\/\/stereovisiondedios.com\/?p=7508\">Franklin Graham desestima las cr\u00edticas a la foto de Trump con rasgos de Jes\u00fas<\/a><\/h2>\r\n      <p>\r\n         El evangelista y director ejecutivo de Samaritan&#8217;s Purse, Franklin Graham, emiti\u00f3 un comunicado el jueves por la ma\u00f1ana desestimando la reacci\u00f3n negativa a la publicaci\u00f3n en redes sociales del presidente Donald Trump, ya eliminada, en la que aparec\u00eda como una figura vestida con una t\u00fanica, similar a Cristo, con luz que emanaba de sus manos. [&hellip;]      <\/p>\r\n   <\/div>\r\n<\/article>\r\n<article class=\"related-item\">\r\n   <picture class=\"related-item__thumbnail\">\r\n      <a href=\"https:\/\/stereovisiondedios.com\/?p=7507\"><img decoding=\"async\" src=\"https:\/\/placehold.co\/500x500?text=No image\" alt=\"Fujimori a segunda vuelta, mientras L\u00f3pez Aliaga denuncia fraude en el ascenso de Roberto S\u00e1nchez\" \/><\/a>\r\n   <\/picture>\r\n   <div class=\"related-item__body\">\r\n      <a href=\"https:\/\/stereovisiondedios.com\/?cat=1\" class=\"nexopost\">NexoPost<\/a>      <h2><a href=\"https:\/\/stereovisiondedios.com\/?p=7507\">Fujimori a segunda vuelta, mientras L\u00f3pez Aliaga denuncia fraude en el ascenso de Roberto S\u00e1nchez<\/a><\/h2>\r\n      <p>\r\n         El conteo de votos de las elecciones\u00a0presidenciales en Per\u00fa\u00a0avanza hacia su recta final con un escenario a\u00fan abierto, pero con un giro clave en la disputa por el segundo lugar.\u00a0 Con el 91,5% de las actas procesadas por la Oficina Nacional de Procesos Electorales (ONPE), la conservadora Keiko Fujimori se mantiene en el primer lugar,\u00a0mientras [&hellip;]      <\/p>\r\n   <\/div>\r\n<\/article>\r\n<article class=\"related-item\">\r\n   <picture class=\"related-item__thumbnail\">\r\n      <a href=\"https:\/\/stereovisiondedios.com\/?p=7505\"><img decoding=\"async\" src=\"https:\/\/cms.evangelicodigital.com\/upload\/imagenes\/6800aeb632aa1_trumppascuaW.jpg\" alt=\"Trump en la cena de Pascua: \u2018Con la ayuda de Dios superaremos todos los desaf\u00edos\u2019\" \/><\/a>\r\n   <\/picture>\r\n   <div class=\"related-item__body\">\r\n      <a href=\"https:\/\/stereovisiondedios.com\/?cat=1\" class=\"nexopost\">NexoPost<\/a>      <h2><a href=\"https:\/\/stereovisiondedios.com\/?p=7505\">Trump en la cena de Pascua: \u2018Con la ayuda de Dios superaremos todos los desaf\u00edos\u2019<\/a><\/h2>\r\n      <p>\r\n         El presidente Donald Trump particip\u00f3 en un servicio de oraci\u00f3n seguido de una cena este pasado mi\u00e9rcoles por la noche, como parte de una serie de eventos de Semana Santa antes del Domingo de Pascua este fin de semana. L\u00edderes cristianos de diferentes confesiones estuvieron presentes y escucharon al presidente dirigirse a ellos sobre la [&hellip;]      <\/p>\r\n   <\/div>\r\n<\/article>\r\n<article class=\"related-item\">\r\n   <picture class=\"related-item__thumbnail\">\r\n      <a href=\"https:\/\/stereovisiondedios.com\/?p=7504\"><img decoding=\"async\" src=\"https:\/\/placehold.co\/500x500?text=No image\" alt=\"Reino Unido | Sentencia un\u00e1nime del Supremo define legalmente a la mujer por su sexo biol\u00f3gico\" \/><\/a>\r\n   <\/picture>\r\n   <div class=\"related-item__body\">\r\n      <a href=\"https:\/\/stereovisiondedios.com\/?cat=1\" class=\"nexopost\">NexoPost<\/a>      <h2><a href=\"https:\/\/stereovisiondedios.com\/?p=7504\">Reino Unido | Sentencia un\u00e1nime del Supremo define legalmente a la mujer por su sexo biol\u00f3gico<\/a><\/h2>\r\n      <p>\r\n         Cinco jueces del Tribunal Supremo de Reino Unido dictaminaron por unanimidad que los t\u00e9rminos \u201cmujer\u201d y \u201csexo\u201d en la ley de Igualdad de 2010 se refieren a una mujer biol\u00f3gica y al sexo biol\u00f3gico al nacer. La sentencia del Tribunal Supremo se refiere a si una mujer que ha completado el proceso transg\u00e9nero (con un [&hellip;]      <\/p>\r\n   <\/div>\r\n<\/article>\r\n<article class=\"related-item\">\r\n   <picture class=\"related-item__thumbnail\">\r\n      <a href=\"https:\/\/stereovisiondedios.com\/?p=7503\"><img decoding=\"async\" src=\"https:\/\/placehold.co\/500x500?text=No image\" alt=\"Trump retira y se excusa por imagen pol\u00e9mica suya con rasgos de Jes\u00fas\" \/><\/a>\r\n   <\/picture>\r\n   <div class=\"related-item__body\">\r\n      <a href=\"https:\/\/stereovisiondedios.com\/?cat=1\" class=\"nexopost\">NexoPost<\/a>      <h2><a href=\"https:\/\/stereovisiondedios.com\/?p=7503\">Trump retira y se excusa por imagen pol\u00e9mica suya con rasgos de Jes\u00fas<\/a><\/h2>\r\n      <p>\r\n         El presidente de Estados Unidos, Donald Trump, finalmente habl\u00f3 sobre la imagen que public\u00f3 el pasado domingo en la red social Truth Social, un retrato creado con Inteligencia Artificial donde el mandatario aparece con un atuendo y pose relacionada a la figura de Jes\u00fas. Vestido con una t\u00fanica blanca cubierta por un chal rojo, la [&hellip;]      <\/p>\r\n   <\/div>\r\n<\/article>\r\n<article class=\"related-item\">\r\n   <picture class=\"related-item__thumbnail\">\r\n      <a href=\"https:\/\/stereovisiondedios.com\/?p=7502\"><img decoding=\"async\" src=\"https:\/\/placehold.co\/500x500?text=No image\" alt=\"Kast recibe a los nuevos capellanes de La Moneda, reforzando el papel evang\u00e9lico\" \/><\/a>\r\n   <\/picture>\r\n   <div class=\"related-item__body\">\r\n      <a href=\"https:\/\/stereovisiondedios.com\/?cat=1\" class=\"nexopost\">NexoPost<\/a>      <h2><a href=\"https:\/\/stereovisiondedios.com\/?p=7502\">Kast recibe a los nuevos capellanes de La Moneda, reforzando el papel evang\u00e9lico<\/a><\/h2>\r\n      <p>\r\n         En una ceremonia realizada el pasado 27 de marzo en el Palacio de La Moneda, el Presidente Jos\u00e9 Antonio Kast encabez\u00f3 la recepci\u00f3n oficial de los nuevos capellanes del Gobierno, un gesto que reafirma la continuidad de la asistencia espiritual en el \u00e1mbito p\u00fablico y la relevancia que su administraci\u00f3n otorga al di\u00e1logo interreligioso. El [&hellip;]      <\/p>\r\n   <\/div>\r\n<\/article>\r\n<article class=\"related-item\">\r\n   <picture class=\"related-item__thumbnail\">\r\n      <a href=\"https:\/\/stereovisiondedios.com\/?p=7501\"><img decoding=\"async\" src=\"https:\/\/placehold.co\/500x500?text=No image\" alt=\"Carlos III enaltece al islam y minimiza a Jes\u00fas en su mensaje de Pascua\" \/><\/a>\r\n   <\/picture>\r\n   <div class=\"related-item__body\">\r\n      <a href=\"https:\/\/stereovisiondedios.com\/?cat=1\" class=\"nexopost\">NexoPost<\/a>      <h2><a href=\"https:\/\/stereovisiondedios.com\/?p=7501\">Carlos III enaltece al islam y minimiza a Jes\u00fas en su mensaje de Pascua<\/a><\/h2>\r\n      <p>\r\n         Como es tradici\u00f3n, Carlos III y la reina Camila han reaparecido este 17 de abril en el servicio religioso de Jueves Santo en la catedral de Durham. Un d\u00eda que ha aprovechado para felicitar la Pascua unas horas antes, con un comunicado. Como cabeza de la Iglesia de Inglaterra y portador del t\u00edtulo de \u201cdefensor [&hellip;]      <\/p>\r\n   <\/div>\r\n<\/article>\r\n<article class=\"related-item\">\r\n   <picture class=\"related-item__thumbnail\">\r\n      <a href=\"https:\/\/stereovisiondedios.com\/?p=7500\"><img decoding=\"async\" src=\"https:\/\/placehold.co\/500x500?text=No image\" alt=\"Fujimori ir\u00e1 a segunda vuelta con otro candidato por decidir en medio de un caos log\u00edstico electoral\" \/><\/a>\r\n   <\/picture>\r\n   <div class=\"related-item__body\">\r\n      <a href=\"https:\/\/stereovisiondedios.com\/?cat=1\" class=\"nexopost\">NexoPost<\/a>      <h2><a href=\"https:\/\/stereovisiondedios.com\/?p=7500\">Fujimori ir\u00e1 a segunda vuelta con otro candidato por decidir en medio de un caos log\u00edstico electoral<\/a><\/h2>\r\n      <p>\r\n         Keiko Fujimori encabeza los sondeos y se perfila para la segunda vuelta\u00a0de las elecciones presidenciales de Per\u00fa, que se celebrar\u00e1 el 7 de junio. El proceso se desarrolla en un contexto de alta fragmentaci\u00f3n pol\u00edtica \u201435 candidatos en la papeleta\u2014 y de inestabilidad institucional cr\u00f3nica, con nueve presidentes en una d\u00e9cada y un Congreso ampliamente [&hellip;]      <\/p>\r\n   <\/div>\r\n<\/article>\r\n<article class=\"related-item\">\r\n   <picture class=\"related-item__thumbnail\">\r\n      <a href=\"https:\/\/stereovisiondedios.com\/?p=7498\"><img decoding=\"async\" src=\"https:\/\/cms.evangelicodigital.com\/upload\/imagenes\/6804addd34122_aniversarioW1.jpg\" alt=\"Buenos Aires | Catedral de la Fe celebr\u00f3 sus 40 a\u00f1os ante una multitud de fieles\" \/><\/a>\r\n   <\/picture>\r\n   <div class=\"related-item__body\">\r\n      <a href=\"https:\/\/stereovisiondedios.com\/?cat=1\" class=\"nexopost\">NexoPost<\/a>      <h2><a href=\"https:\/\/stereovisiondedios.com\/?p=7498\">Buenos Aires | Catedral de la Fe celebr\u00f3 sus 40 a\u00f1os ante una multitud de fieles<\/a><\/h2>\r\n      <p>\r\n         La iglesia evang\u00e9lica Catedral de la Fe, uno de los centros con mayor influencia y tradici\u00f3n en Argentina, este pasado 18 de abril celebr\u00f3 sus 40 a\u00f1os en un multitudinario evento que cont\u00f3 con la presencia de 25.000 fieles que se acercaron al estadio de Ferro (Buenos Aires). La ceremonia se llev\u00f3 a cabo dentro [&hellip;]      <\/p>\r\n   <\/div>\r\n<\/article>\r\n<article class=\"related-item\">\r\n   <picture class=\"related-item__thumbnail\">\r\n      <a href=\"https:\/\/stereovisiondedios.com\/?p=7497\"><img decoding=\"async\" src=\"https:\/\/placehold.co\/500x500?text=No image\" alt=\"Argentina | Reconocimiento del Instituto Universal de las Naciones a dos mujeres evang\u00e9licas\" \/><\/a>\r\n   <\/picture>\r\n   <div class=\"related-item__body\">\r\n      <a href=\"https:\/\/stereovisiondedios.com\/?cat=1\" class=\"nexopost\">NexoPost<\/a>      <h2><a href=\"https:\/\/stereovisiondedios.com\/?p=7497\">Argentina | Reconocimiento del Instituto Universal de las Naciones a dos mujeres evang\u00e9licas<\/a><\/h2>\r\n      <p>\r\n         El Instituto Universal de las Naciones (Transacademia) otorg\u00f3 las distinciones especiales de Doctora Honoris Causa en Eco\u00e9tica y Miembro de Honor de Academia Internacional de la Diplomacia y las Profesiones, a la abogada Marcela Viglione y a la traductora Renata Viglione. Estas distinciones se otorgan a personas o entidades que han dejado una huella imborrable. [&hellip;]      <\/p>\r\n   <\/div>\r\n<\/article>\r\n<article class=\"related-item\">\r\n   <picture class=\"related-item__thumbnail\">\r\n      <a href=\"https:\/\/stereovisiondedios.com\/?p=7496\"><img decoding=\"async\" src=\"https:\/\/placehold.co\/500x500?text=No image\" alt=\"Fallece Francisco a los 88 a\u00f1os\" \/><\/a>\r\n   <\/picture>\r\n   <div class=\"related-item__body\">\r\n      <a href=\"https:\/\/stereovisiondedios.com\/?cat=1\" class=\"nexopost\">NexoPost<\/a>      <h2><a href=\"https:\/\/stereovisiondedios.com\/?p=7496\">Fallece Francisco a los 88 a\u00f1os<\/a><\/h2>\r\n      <p>\r\n         Jorge Mario Bergoglio, conocido como el Papa Francisco, ha fallecido el pasado lunes a los 88 a\u00f1os de edad. La muerte se ha producido horas despu\u00e9s de verle por \u00faltima vez en la Plaza de San Pedro saludando a unas 50.000 personas que se hab\u00edan concentrado ayer durante la celebraci\u00f3n del \u201cDomingo de Resurrecci\u00f3n\u201d. En [&hellip;]      <\/p>\r\n   <\/div>\r\n<\/article>\r\n<article class=\"related-item\">\r\n   <picture class=\"related-item__thumbnail\">\r\n      <a href=\"https:\/\/stereovisiondedios.com\/?p=7495\"><img decoding=\"async\" src=\"https:\/\/placehold.co\/500x500?text=No image\" alt=\"M\u00e9xico | Evang\u00e9licos superan a cat\u00f3licos en apertura de templos\" \/><\/a>\r\n   <\/picture>\r\n   <div class=\"related-item__body\">\r\n      <a href=\"https:\/\/stereovisiondedios.com\/?cat=1\" class=\"nexopost\">NexoPost<\/a>      <h2><a href=\"https:\/\/stereovisiondedios.com\/?p=7495\">M\u00e9xico | Evang\u00e9licos superan a cat\u00f3licos en apertura de templos<\/a><\/h2>\r\n      <p>\r\n         La Iglesia cat\u00f3lica de M\u00e9xico viveun proceso acelerado de abandono de templos, tanto que amenaza con relegarla a un segundo plano frente al avance de las iglesias cristianas evang\u00e9licas. Un estudio realizado por un grupo de investigadores de la Escuela Nacional de Antropolog\u00eda e Historia (ENAH) detect\u00f3 que de los 94.909 establecimientos religiosos identificados en [&hellip;]      <\/p>\r\n   <\/div>\r\n<\/article><\/div>      <\/div>\r\n\t\t\t\t<\/div>\n\t\t\t\t<\/div>\n\t\t\t\t\t<\/div>\n\t\t\t\t<\/div>\n\t\t\t\t<\/div>\n\t\t","protected":false},"excerpt":{"rendered":"<p>\u00daltimas entradas Farandula Dayanita rompe en llanto durante su discurso por Navidad: \u201cNunca la pas\u00e9 en familia\u201d La c\u00f3mica Dayanita se emocion\u00f3 hasta las l\u00e1grimas durante la cena navide\u00f1a organizada por el elenco del programa \u2018JB en ATV\u2019. La actriz cont\u00f3 c\u00f3mo pas\u00f3 la Navidad toda su vida y lo duro que es esta fecha [&hellip;]<\/p>\n","protected":false},"author":2,"featured_media":6890,"parent":0,"menu_order":0,"comment_status":"closed","ping_status":"closed","template":"","meta":{"footnotes":""},"class_list":["post-1921","page","type-page","status-publish","has-post-thumbnail","hentry"],"yoast_head":"<!-- This site is optimized with the Yoast SEO Premium plugin v25.7.1 (Yoast SEO v26.5) - https:\/\/yoast.com\/wordpress\/plugins\/seo\/ -->\n<title>Noticias - Stereo Visi\u00f3n de Dios<\/title>\n<meta name=\"robots\" content=\"index, follow, max-snippet:-1, max-image-preview:large, max-video-preview:-1\" \/>\n<link rel=\"canonical\" href=\"https:\/\/stereovisiondedios.com\/?page_id=1921\" \/>\n<meta property=\"og:locale\" content=\"es_ES\" \/>\n<meta property=\"og:type\" content=\"article\" \/>\n<meta property=\"og:title\" content=\"Noticias\" \/>\n<meta property=\"og:description\" content=\"\u00daltimas entradas Farandula Dayanita rompe en llanto durante su discurso por Navidad: \u201cNunca la pas\u00e9 en familia\u201d La c\u00f3mica Dayanita se emocion\u00f3 hasta las l\u00e1grimas durante la cena navide\u00f1a organizada por el elenco del programa \u2018JB en ATV\u2019. La actriz cont\u00f3 c\u00f3mo pas\u00f3 la Navidad toda su vida y lo duro que es esta fecha [&hellip;]\" \/>\n<meta property=\"og:url\" content=\"https:\/\/stereovisiondedios.com\/?page_id=1921\" \/>\n<meta property=\"og:site_name\" content=\"Stereo Visi\u00f3n de Dios\" \/>\n<meta property=\"article:publisher\" content=\"https:\/\/www.facebook.com\/visiondedios106.9fm\" \/>\n<meta property=\"article:modified_time\" content=\"2025-08-19T18:40:44+00:00\" \/>\n<meta property=\"og:image\" content=\"https:\/\/stereovisiondedios.com\/wp-content\/uploads\/2025\/08\/www.fmhorizontesalta.com_.ar-4.png\" \/>\n\t<meta property=\"og:image:width\" content=\"1024\" \/>\n\t<meta property=\"og:image:height\" content=\"500\" \/>\n\t<meta property=\"og:image:type\" content=\"image\/png\" \/>\n<meta name=\"twitter:card\" content=\"summary_large_image\" \/>\n<meta name=\"twitter:label1\" content=\"Tiempo de lectura\" \/>\n\t<meta name=\"twitter:data1\" content=\"9 minutos\" \/>\n<script type=\"application\/ld+json\" class=\"yoast-schema-graph\">{\"@context\":\"https:\/\/schema.org\",\"@graph\":[{\"@type\":\"WebPage\",\"@id\":\"https:\/\/stereovisiondedios.com\/?page_id=1921\",\"url\":\"https:\/\/stereovisiondedios.com\/?page_id=1921\",\"name\":\"Noticias - Stereo Visi\u00f3n de Dios\",\"isPartOf\":{\"@id\":\"https:\/\/stereovisiondedios.com\/#website\"},\"primaryImageOfPage\":{\"@id\":\"https:\/\/stereovisiondedios.com\/?page_id=1921#primaryimage\"},\"image\":{\"@id\":\"https:\/\/stereovisiondedios.com\/?page_id=1921#primaryimage\"},\"thumbnailUrl\":\"https:\/\/stereovisiondedios.com\/wp-content\/uploads\/2025\/08\/www.fmhorizontesalta.com_.ar-4.png\",\"datePublished\":\"2024-12-25T03:15:27+00:00\",\"dateModified\":\"2025-08-19T18:40:44+00:00\",\"breadcrumb\":{\"@id\":\"https:\/\/stereovisiondedios.com\/?page_id=1921#breadcrumb\"},\"inLanguage\":\"es\",\"potentialAction\":[{\"@type\":\"ReadAction\",\"target\":[\"https:\/\/stereovisiondedios.com\/?page_id=1921\"]}]},{\"@type\":\"ImageObject\",\"inLanguage\":\"es\",\"@id\":\"https:\/\/stereovisiondedios.com\/?page_id=1921#primaryimage\",\"url\":\"https:\/\/stereovisiondedios.com\/wp-content\/uploads\/2025\/08\/www.fmhorizontesalta.com_.ar-4.png\",\"contentUrl\":\"https:\/\/stereovisiondedios.com\/wp-content\/uploads\/2025\/08\/www.fmhorizontesalta.com_.ar-4.png\",\"width\":1024,\"height\":500},{\"@type\":\"BreadcrumbList\",\"@id\":\"https:\/\/stereovisiondedios.com\/?page_id=1921#breadcrumb\",\"itemListElement\":[{\"@type\":\"ListItem\",\"position\":1,\"name\":\"Home\",\"item\":\"https:\/\/stereovisiondedios.com\/\"},{\"@type\":\"ListItem\",\"position\":2,\"name\":\"Noticias\"}]},{\"@type\":\"WebSite\",\"@id\":\"https:\/\/stereovisiondedios.com\/#website\",\"url\":\"https:\/\/stereovisiondedios.com\/\",\"name\":\"Stereo Visi\u00f3n de Dios\",\"description\":\"Conectate...\",\"publisher\":{\"@id\":\"https:\/\/stereovisiondedios.com\/#organization\"},\"potentialAction\":[{\"@type\":\"SearchAction\",\"target\":{\"@type\":\"EntryPoint\",\"urlTemplate\":\"https:\/\/stereovisiondedios.com\/?s={search_term_string}\"},\"query-input\":{\"@type\":\"PropertyValueSpecification\",\"valueRequired\":true,\"valueName\":\"search_term_string\"}}],\"inLanguage\":\"es\"},{\"@type\":\"Organization\",\"@id\":\"https:\/\/stereovisiondedios.com\/#organization\",\"name\":\"Radio Stereo Visi\u00f3n de Dios\",\"url\":\"https:\/\/stereovisiondedios.com\/\",\"logo\":{\"@type\":\"ImageObject\",\"inLanguage\":\"es\",\"@id\":\"https:\/\/stereovisiondedios.com\/#\/schema\/logo\/image\/\",\"url\":\"https:\/\/stereovisiondedios.com\/wp-content\/uploads\/2024\/10\/www.fmhorizontesalta.com_.ar-5-1.png\",\"contentUrl\":\"https:\/\/stereovisiondedios.com\/wp-content\/uploads\/2024\/10\/www.fmhorizontesalta.com_.ar-5-1.png\",\"width\":555,\"height\":114,\"caption\":\"Radio Stereo Visi\u00f3n de Dios\"},\"image\":{\"@id\":\"https:\/\/stereovisiondedios.com\/#\/schema\/logo\/image\/\"},\"sameAs\":[\"https:\/\/www.facebook.com\/visiondedios106.9fm\",\"https:\/\/www.tiktok.com\/@vision_de_dios_106_9_fm\",\"https:\/\/www.youtube.com\/@radiovisiondediosstereo106.9\"]}]}<\/script>\n<!-- \/ Yoast SEO Premium plugin. -->","yoast_head_json":{"title":"Noticias - Stereo Visi\u00f3n de Dios","robots":{"index":"index","follow":"follow","max-snippet":"max-snippet:-1","max-image-preview":"max-image-preview:large","max-video-preview":"max-video-preview:-1"},"canonical":"https:\/\/stereovisiondedios.com\/?page_id=1921","og_locale":"es_ES","og_type":"article","og_title":"Noticias","og_description":"\u00daltimas entradas Farandula Dayanita rompe en llanto durante su discurso por Navidad: \u201cNunca la pas\u00e9 en familia\u201d La c\u00f3mica Dayanita se emocion\u00f3 hasta las l\u00e1grimas durante la cena navide\u00f1a organizada por el elenco del programa \u2018JB en ATV\u2019. La actriz cont\u00f3 c\u00f3mo pas\u00f3 la Navidad toda su vida y lo duro que es esta fecha [&hellip;]","og_url":"https:\/\/stereovisiondedios.com\/?page_id=1921","og_site_name":"Stereo Visi\u00f3n de Dios","article_publisher":"https:\/\/www.facebook.com\/visiondedios106.9fm","article_modified_time":"2025-08-19T18:40:44+00:00","og_image":[{"width":1024,"height":500,"url":"https:\/\/stereovisiondedios.com\/wp-content\/uploads\/2025\/08\/www.fmhorizontesalta.com_.ar-4.png","type":"image\/png"}],"twitter_card":"summary_large_image","twitter_misc":{"Tiempo de lectura":"9 minutos"},"schema":{"@context":"https:\/\/schema.org","@graph":[{"@type":"WebPage","@id":"https:\/\/stereovisiondedios.com\/?page_id=1921","url":"https:\/\/stereovisiondedios.com\/?page_id=1921","name":"Noticias - Stereo Visi\u00f3n de Dios","isPartOf":{"@id":"https:\/\/stereovisiondedios.com\/#website"},"primaryImageOfPage":{"@id":"https:\/\/stereovisiondedios.com\/?page_id=1921#primaryimage"},"image":{"@id":"https:\/\/stereovisiondedios.com\/?page_id=1921#primaryimage"},"thumbnailUrl":"https:\/\/stereovisiondedios.com\/wp-content\/uploads\/2025\/08\/www.fmhorizontesalta.com_.ar-4.png","datePublished":"2024-12-25T03:15:27+00:00","dateModified":"2025-08-19T18:40:44+00:00","breadcrumb":{"@id":"https:\/\/stereovisiondedios.com\/?page_id=1921#breadcrumb"},"inLanguage":"es","potentialAction":[{"@type":"ReadAction","target":["https:\/\/stereovisiondedios.com\/?page_id=1921"]}]},{"@type":"ImageObject","inLanguage":"es","@id":"https:\/\/stereovisiondedios.com\/?page_id=1921#primaryimage","url":"https:\/\/stereovisiondedios.com\/wp-content\/uploads\/2025\/08\/www.fmhorizontesalta.com_.ar-4.png","contentUrl":"https:\/\/stereovisiondedios.com\/wp-content\/uploads\/2025\/08\/www.fmhorizontesalta.com_.ar-4.png","width":1024,"height":500},{"@type":"BreadcrumbList","@id":"https:\/\/stereovisiondedios.com\/?page_id=1921#breadcrumb","itemListElement":[{"@type":"ListItem","position":1,"name":"Home","item":"https:\/\/stereovisiondedios.com\/"},{"@type":"ListItem","position":2,"name":"Noticias"}]},{"@type":"WebSite","@id":"https:\/\/stereovisiondedios.com\/#website","url":"https:\/\/stereovisiondedios.com\/","name":"Stereo Visi\u00f3n de Dios","description":"Conectate...","publisher":{"@id":"https:\/\/stereovisiondedios.com\/#organization"},"potentialAction":[{"@type":"SearchAction","target":{"@type":"EntryPoint","urlTemplate":"https:\/\/stereovisiondedios.com\/?s={search_term_string}"},"query-input":{"@type":"PropertyValueSpecification","valueRequired":true,"valueName":"search_term_string"}}],"inLanguage":"es"},{"@type":"Organization","@id":"https:\/\/stereovisiondedios.com\/#organization","name":"Radio Stereo Visi\u00f3n de Dios","url":"https:\/\/stereovisiondedios.com\/","logo":{"@type":"ImageObject","inLanguage":"es","@id":"https:\/\/stereovisiondedios.com\/#\/schema\/logo\/image\/","url":"https:\/\/stereovisiondedios.com\/wp-content\/uploads\/2024\/10\/www.fmhorizontesalta.com_.ar-5-1.png","contentUrl":"https:\/\/stereovisiondedios.com\/wp-content\/uploads\/2024\/10\/www.fmhorizontesalta.com_.ar-5-1.png","width":555,"height":114,"caption":"Radio Stereo Visi\u00f3n de Dios"},"image":{"@id":"https:\/\/stereovisiondedios.com\/#\/schema\/logo\/image\/"},"sameAs":["https:\/\/www.facebook.com\/visiondedios106.9fm","https:\/\/www.tiktok.com\/@vision_de_dios_106_9_fm","https:\/\/www.youtube.com\/@radiovisiondediosstereo106.9"]}]}},"_links":{"self":[{"href":"https:\/\/stereovisiondedios.com\/index.php?rest_route=\/wp\/v2\/pages\/1921","targetHints":{"allow":["GET"]}}],"collection":[{"href":"https:\/\/stereovisiondedios.com\/index.php?rest_route=\/wp\/v2\/pages"}],"about":[{"href":"https:\/\/stereovisiondedios.com\/index.php?rest_route=\/wp\/v2\/types\/page"}],"author":[{"embeddable":true,"href":"https:\/\/stereovisiondedios.com\/index.php?rest_route=\/wp\/v2\/users\/2"}],"replies":[{"embeddable":true,"href":"https:\/\/stereovisiondedios.com\/index.php?rest_route=%2Fwp%2Fv2%2Fcomments&post=1921"}],"version-history":[{"count":0,"href":"https:\/\/stereovisiondedios.com\/index.php?rest_route=\/wp\/v2\/pages\/1921\/revisions"}],"wp:featuredmedia":[{"embeddable":true,"href":"https:\/\/stereovisiondedios.com\/index.php?rest_route=\/wp\/v2\/media\/6890"}],"wp:attachment":[{"href":"https:\/\/stereovisiondedios.com\/index.php?rest_route=%2Fwp%2Fv2%2Fmedia&parent=1921"}],"curies":[{"name":"wp","href":"https:\/\/api.w.org\/{rel}","templated":true}]}}