{"id":771,"date":"2024-11-27T11:17:41","date_gmt":"2024-11-27T16:17:41","guid":{"rendered":"https:\/\/stereovisiondedios.com\/?page_id=771"},"modified":"2025-08-19T15:28:02","modified_gmt":"2025-08-19T18:28:02","slug":"programacion-radial","status":"publish","type":"page","link":"https:\/\/stereovisiondedios.com\/?page_id=771","title":{"rendered":"Programacion Radial"},"content":{"rendered":"\t\t<div data-elementor-type=\"wp-page\" data-elementor-id=\"771\" class=\"elementor elementor-771\" data-elementor-post-type=\"page\">\n\t\t\t\t<div class=\"elementor-element elementor-element-63c94c5 e-flex e-con-boxed e-con e-parent\" data-id=\"63c94c5\" data-element_type=\"container\">\n\t\t\t\t\t<div class=\"e-con-inner\">\n\t\t\t\t<div class=\"elementor-element elementor-element-5a65164 elementor-widget elementor-widget-elty_header\" data-id=\"5a65164\" data-element_type=\"widget\" data-widget_type=\"elty_header.default\">\n\t\t\t\t<div class=\"elementor-widget-container\">\n\t\t\t\t\t      <div class=\"elty-header\">\r\n         <h2><span>PROGRAMACI\u00d3N SEMANAL<\/span><\/h2>\r\n      <\/div>\r\n\t\t\t\t<\/div>\n\t\t\t\t<\/div>\n\t\t\t\t\t<\/div>\n\t\t\t\t<\/div>\n\t\t<div class=\"elementor-element elementor-element-b091a09 e-flex e-con-boxed e-con e-parent\" data-id=\"b091a09\" data-element_type=\"container\">\n\t\t\t\t\t<div class=\"e-con-inner\">\n\t\t\t\t<div class=\"elementor-element elementor-element-0be2b54 elementor-widget elementor-widget-nxradio_schedule\" data-id=\"0be2b54\" data-element_type=\"widget\" data-widget_type=\"nxradio_schedule.default\">\n\t\t\t\t<div class=\"elementor-widget-container\">\n\t\t\t\t\t        <div class=\"elty-section-schedule\">\r\n            \r\n<div class=\"schedule\" data-endpoint=\"https:\/\/stereovisiondedios.com\/index.php?rest_route=\/NexoRadio\/schedule\" data-current-day=\"thursday\">\r\n    <div class=\"schedule-header\">\r\n        <button class=\"schedule-button \" data-day=\"monday\">Lunes<\/button>\r\n        <button class=\"schedule-button \" data-day=\"tuesday\">Martes<\/button>\r\n        <button class=\"schedule-button \" data-day=\"wednesday\">Mi\u00e9rcoles<\/button>\r\n        <button class=\"schedule-button is-active\" data-day=\"thursday\">Jueves<\/button>\r\n        <button class=\"schedule-button \" data-day=\"friday\">Viernes<\/button>\r\n        <button class=\"schedule-button \" data-day=\"saturday\">S\u00e1bado<\/button>\r\n        <button class=\"schedule-button \" data-day=\"sunday\">Domingo<\/button>\r\n    <\/div>\r\n    <div class=\"schedule-list\">\r\n                    <ul class=\"schedule-list__wrapper\">\r\n                                    <li class=\"schedule-item \">\r\n                        <div class=\"schedule-item-picture\">\r\n                            <img decoding=\"async\" src=\"https:\/\/stereovisiondedios.com\/wp-content\/uploads\/2024\/11\/WhatsApp-Image-2025-08-14-at-11.33.30-PM-300x150.jpeg\" alt=\"UNA VOZ DE ESPERANZA\">\r\n                        <\/div>\r\n                        <div class=\"schedule-item-content\">\r\n                            <h3 class=\"schedule-item-title\">UNA VOZ DE ESPERANZA<\/h3>\r\n                            <p class=\"schedule-item-description\">\r\n                                21:00 - La Union El Salvador                            <\/p>\r\n                        <\/div>\r\n                        <a href=\"https:\/\/stereovisiondedios.com\/?nxradio-programs=unavozdeesperanza\"><span class=\"font-[0]\">ver programa<\/span><\/a>\r\n                    <\/li>\r\n                                    <li class=\"schedule-item \">\r\n                        <div class=\"schedule-item-picture\">\r\n                            <img decoding=\"async\" src=\"https:\/\/stereovisiondedios.com\/wp-content\/uploads\/2024\/11\/WhatsApp-Image-2025-08-14-at-11.48.10-PM-300x150.jpeg\" alt=\"NOCHES ALEGRES\">\r\n                        <\/div>\r\n                        <div class=\"schedule-item-content\">\r\n                            <h3 class=\"schedule-item-title\">NOCHES ALEGRES<\/h3>\r\n                            <p class=\"schedule-item-description\">\r\n                                20:00 - LA MEJOR MUSICA                            <\/p>\r\n                        <\/div>\r\n                        <a href=\"https:\/\/stereovisiondedios.com\/?nxradio-programs=nochesalegres\"><span class=\"font-[0]\">ver programa<\/span><\/a>\r\n                    <\/li>\r\n                                    <li class=\"schedule-item \">\r\n                        <div class=\"schedule-item-picture\">\r\n                            <img decoding=\"async\" src=\"https:\/\/stereovisiondedios.com\/wp-content\/uploads\/2025\/08\/WhatsApp-Image-2025-08-15-at-12.15.21-AM-300x150.jpeg\" alt=\"CAMINO A LA NUEVA JERUSALEN\">\r\n                        <\/div>\r\n                        <div class=\"schedule-item-content\">\r\n                            <h3 class=\"schedule-item-title\">CAMINO A LA NUEVA JERUSALEN<\/h3>\r\n                            <p class=\"schedule-item-description\">\r\n                                07:00 -                             <\/p>\r\n                        <\/div>\r\n                        <a href=\"https:\/\/stereovisiondedios.com\/?nxradio-programs=camino-a-la-nueva-jerusalen\"><span class=\"font-[0]\">ver programa<\/span><\/a>\r\n                    <\/li>\r\n                                    <li class=\"schedule-item \">\r\n                        <div class=\"schedule-item-picture\">\r\n                            <img decoding=\"async\" src=\"https:\/\/stereovisiondedios.com\/wp-content\/uploads\/2025\/08\/WhatsApp-Image-2025-08-15-at-1.38.40-AM-300x150.jpeg\" alt=\"AMIGUITOS DEL REY (INFANTIL)\">\r\n                        <\/div>\r\n                        <div class=\"schedule-item-content\">\r\n                            <h3 class=\"schedule-item-title\">AMIGUITOS DEL REY (INFANTIL)<\/h3>\r\n                            <p class=\"schedule-item-description\">\r\n                                14:00 -                             <\/p>\r\n                        <\/div>\r\n                        <a href=\"https:\/\/stereovisiondedios.com\/?nxradio-programs=amiguitos-del-rey-infantil\"><span class=\"font-[0]\">ver programa<\/span><\/a>\r\n                    <\/li>\r\n                                    <li class=\"schedule-item is-current\">\r\n                        <div class=\"schedule-item-picture\">\r\n                            <img decoding=\"async\" src=\"https:\/\/stereovisiondedios.com\/wp-content\/uploads\/2025\/08\/ChatGPT-Image-18-ago-2025-20_24_50-300x200.png\" alt=\"ALTAR DE ORACION\">\r\n                        <\/div>\r\n                        <div class=\"schedule-item-content\">\r\n                            <h3 class=\"schedule-item-title\">ALTAR DE ORACION<\/h3>\r\n                            <p class=\"schedule-item-description\">\r\n                                03:00 -                             <\/p>\r\n                        <\/div>\r\n                        <a href=\"https:\/\/stereovisiondedios.com\/?nxradio-programs=altar-de-oracion\"><span class=\"font-[0]\">ver programa<\/span><\/a>\r\n                    <\/li>\r\n                                    <li class=\"schedule-item \">\r\n                        <div class=\"schedule-item-picture\">\r\n                            <img decoding=\"async\" src=\"https:\/\/stereovisiondedios.com\/wp-content\/uploads\/2025\/08\/Gemini_Generated_Image_j2h09hj2h09hj2h0-300x300.png\" alt=\"RANCHERITAS CELESTIALES\">\r\n                        <\/div>\r\n                        <div class=\"schedule-item-content\">\r\n                            <h3 class=\"schedule-item-title\">RANCHERITAS CELESTIALES<\/h3>\r\n                            <p class=\"schedule-item-description\">\r\n                                05:30 -                             <\/p>\r\n                        <\/div>\r\n                        <a href=\"https:\/\/stereovisiondedios.com\/?nxradio-programs=rancheritas-celestiales\"><span class=\"font-[0]\">ver programa<\/span><\/a>\r\n                    <\/li>\r\n                                    <li class=\"schedule-item \">\r\n                        <div class=\"schedule-item-picture\">\r\n                            <img decoding=\"async\" src=\"https:\/\/stereovisiondedios.com\/wp-content\/uploads\/2025\/08\/ChatGPT-Image-18-ago-2025-21_14_12-300x200.png\" alt=\"MENSAJES PARA TU VIDA\">\r\n                        <\/div>\r\n                        <div class=\"schedule-item-content\">\r\n                            <h3 class=\"schedule-item-title\">MENSAJES PARA TU VIDA<\/h3>\r\n                            <p class=\"schedule-item-description\">\r\n                                15:00 -                             <\/p>\r\n                        <\/div>\r\n                        <a href=\"https:\/\/stereovisiondedios.com\/?nxradio-programs=mensajes-para-tu-vida\"><span class=\"font-[0]\">ver programa<\/span><\/a>\r\n                    <\/li>\r\n                                    <li class=\"schedule-item \">\r\n                        <div class=\"schedule-item-picture\">\r\n                            <img decoding=\"async\" src=\"https:\/\/stereovisiondedios.com\/wp-content\/uploads\/2025\/08\/ChatGPT-Image-18-ago-2025-21_06_43-300x200.png\" alt=\"MUSICALIZANDO\">\r\n                        <\/div>\r\n                        <div class=\"schedule-item-content\">\r\n                            <h3 class=\"schedule-item-title\">MUSICALIZANDO<\/h3>\r\n                            <p class=\"schedule-item-description\">\r\n                                10:00 -                             <\/p>\r\n                        <\/div>\r\n                        <a href=\"https:\/\/stereovisiondedios.com\/?nxradio-programs=musicalizando\"><span class=\"font-[0]\">ver programa<\/span><\/a>\r\n                    <\/li>\r\n                                    <li class=\"schedule-item \">\r\n                        <div class=\"schedule-item-picture\">\r\n                            <img decoding=\"async\" src=\"https:\/\/stereovisiondedios.com\/wp-content\/uploads\/2025\/08\/Gemini_Generated_Image_m7lh1sm7lh1sm7lh-300x300.png\" alt=\"TU HISTORIA PREFERIDA\">\r\n                        <\/div>\r\n                        <div class=\"schedule-item-content\">\r\n                            <h3 class=\"schedule-item-title\">TU HISTORIA PREFERIDA<\/h3>\r\n                            <p class=\"schedule-item-description\">\r\n                                12:00 -                             <\/p>\r\n                        <\/div>\r\n                        <a href=\"https:\/\/stereovisiondedios.com\/?nxradio-programs=tu-historia-preferida\"><span class=\"font-[0]\">ver programa<\/span><\/a>\r\n                    <\/li>\r\n                                    <li class=\"schedule-item \">\r\n                        <div class=\"schedule-item-picture\">\r\n                            <img decoding=\"async\" src=\"https:\/\/stereovisiondedios.com\/wp-content\/uploads\/2025\/08\/Gemini_Generated_Image_u9xurdu9xurdu9xu-300x300.png\" alt=\"DESTELLOS DE ALABANZA\">\r\n                        <\/div>\r\n                        <div class=\"schedule-item-content\">\r\n                            <h3 class=\"schedule-item-title\">DESTELLOS DE ALABANZA<\/h3>\r\n                            <p class=\"schedule-item-description\">\r\n                                16:00 -                             <\/p>\r\n                        <\/div>\r\n                        <a href=\"https:\/\/stereovisiondedios.com\/?nxradio-programs=destellos-de-alabanza\"><span class=\"font-[0]\">ver programa<\/span><\/a>\r\n                    <\/li>\r\n                                    <li class=\"schedule-item \">\r\n                        <div class=\"schedule-item-picture\">\r\n                            <img decoding=\"async\" src=\"https:\/\/stereovisiondedios.com\/wp-content\/uploads\/2025\/08\/Gemini_Generated_Image_gscyy7gscyy7gscy-300x300.png\" alt=\"TESTIMONIOS DE PODER\">\r\n                        <\/div>\r\n                        <div class=\"schedule-item-content\">\r\n                            <h3 class=\"schedule-item-title\">TESTIMONIOS DE PODER<\/h3>\r\n                            <p class=\"schedule-item-description\">\r\n                                18:00 -                             <\/p>\r\n                        <\/div>\r\n                        <a href=\"https:\/\/stereovisiondedios.com\/?nxradio-programs=testimonios-de-poder\"><span class=\"font-[0]\">ver programa<\/span><\/a>\r\n                    <\/li>\r\n                                    <li class=\"schedule-item \">\r\n                        <div class=\"schedule-item-picture\">\r\n                            <img decoding=\"async\" src=\"https:\/\/stereovisiondedios.com\/wp-content\/uploads\/2025\/08\/Gemini_Generated_Image_t2x3krt2x3krt2x3-300x300.png\" alt=\"PREDICACIONES DE PODER\">\r\n                        <\/div>\r\n                        <div class=\"schedule-item-content\">\r\n                            <h3 class=\"schedule-item-title\">PREDICACIONES DE PODER<\/h3>\r\n                            <p class=\"schedule-item-description\">\r\n                                22:00 -                             <\/p>\r\n                        <\/div>\r\n                        <a href=\"https:\/\/stereovisiondedios.com\/?nxradio-programs=predicaciones-de-poder\"><span class=\"font-[0]\">ver programa<\/span><\/a>\r\n                    <\/li>\r\n                            <\/ul>\r\n            <\/div>\r\n    <template class=\"schedule-item-template\">\r\n        <li class=\"schedule-item {onAir}\">\r\n            <div class=\"schedule-item-picture\">\r\n                <img decoding=\"async\" src=\"{image}\" alt=\"{title}\">\r\n            <\/div>\r\n            <div class=\"schedule-item-content\">\r\n                <h3 class=\"schedule-item-title\">{title}<\/h3>\r\n                <p class=\"schedule-item-description\">\r\n                    {inicio} - {description}\r\n                <\/p>\r\n            <\/div>\r\n            <a href=\"{url}\"><span class=\"font-[0]\">ver programa<\/span><\/a>\r\n        <\/li>\r\n    <\/template>\r\n    <template class=\"schedule-info-template\">\r\n        <p class=\"schedule-info\">No tenemos programas asignados para este d\u00eda<\/p>\r\n    <\/template>\r\n<\/div>        <\/div>\r\n\t\t\t\t<\/div>\n\t\t\t\t<\/div>\n\t\t\t\t\t<\/div>\n\t\t\t\t<\/div>\n\t\t\t\t<\/div>\n\t\t","protected":false},"excerpt":{"rendered":"<p>PROGRAMACI\u00d3N SEMANAL Lunes Martes Mi\u00e9rcoles Jueves Viernes S\u00e1bado Domingo UNA VOZ DE ESPERANZA 21:00 &#8211; La Union El Salvador ver programa NOCHES ALEGRES 20:00 &#8211; LA MEJOR MUSICA ver programa CAMINO A LA NUEVA JERUSALEN 07:00 &#8211; ver programa AMIGUITOS DEL REY (INFANTIL) 14:00 &#8211; ver programa ALTAR DE ORACION 03:00 &#8211; ver programa RANCHERITAS [&hellip;]<\/p>\n","protected":false},"author":2,"featured_media":0,"parent":0,"menu_order":0,"comment_status":"closed","ping_status":"closed","template":"template-blank.php","meta":{"footnotes":""},"class_list":["post-771","page","type-page","status-publish","hentry"],"yoast_head":"<!-- This site is optimized with the Yoast SEO Premium plugin v25.7.1 (Yoast SEO v26.5) - https:\/\/yoast.com\/wordpress\/plugins\/seo\/ -->\n<title>Programacion Radial - Stereo Visi\u00f3n de Dios<\/title>\n<meta name=\"robots\" content=\"index, follow, max-snippet:-1, max-image-preview:large, max-video-preview:-1\" \/>\n<link rel=\"canonical\" href=\"https:\/\/stereovisiondedios.com\/?page_id=771\" \/>\n<meta property=\"og:locale\" content=\"es_ES\" \/>\n<meta property=\"og:type\" content=\"article\" \/>\n<meta property=\"og:title\" content=\"Programacion Radial\" \/>\n<meta property=\"og:description\" content=\"PROGRAMACI\u00d3N SEMANAL Lunes Martes Mi\u00e9rcoles Jueves Viernes S\u00e1bado Domingo UNA VOZ DE ESPERANZA 21:00 &#8211; La Union El Salvador ver programa NOCHES ALEGRES 20:00 &#8211; LA MEJOR MUSICA ver programa CAMINO A LA NUEVA JERUSALEN 07:00 &#8211; ver programa AMIGUITOS DEL REY (INFANTIL) 14:00 &#8211; ver programa ALTAR DE ORACION 03:00 &#8211; ver programa RANCHERITAS [&hellip;]\" \/>\n<meta property=\"og:url\" content=\"https:\/\/stereovisiondedios.com\/?page_id=771\" \/>\n<meta property=\"og:site_name\" content=\"Stereo Visi\u00f3n de Dios\" \/>\n<meta property=\"article:publisher\" content=\"https:\/\/www.facebook.com\/visiondedios106.9fm\" \/>\n<meta property=\"article:modified_time\" content=\"2025-08-19T18:28:02+00:00\" \/>\n<meta property=\"og:image\" content=\"https:\/\/stereovisiondedios.com\/wp-content\/uploads\/2024\/11\/WhatsApp-Image-2025-08-14-at-11.33.30-PM-300x150.jpeg\" \/>\n<meta name=\"twitter:card\" content=\"summary_large_image\" \/>\n<meta name=\"twitter:label1\" content=\"Tiempo de lectura\" \/>\n\t<meta name=\"twitter:data1\" content=\"3 minutos\" \/>\n<script type=\"application\/ld+json\" class=\"yoast-schema-graph\">{\"@context\":\"https:\/\/schema.org\",\"@graph\":[{\"@type\":\"WebPage\",\"@id\":\"https:\/\/stereovisiondedios.com\/?page_id=771\",\"url\":\"https:\/\/stereovisiondedios.com\/?page_id=771\",\"name\":\"Programacion Radial - Stereo Visi\u00f3n de Dios\",\"isPartOf\":{\"@id\":\"https:\/\/stereovisiondedios.com\/#website\"},\"primaryImageOfPage\":{\"@id\":\"https:\/\/stereovisiondedios.com\/?page_id=771#primaryimage\"},\"image\":{\"@id\":\"https:\/\/stereovisiondedios.com\/?page_id=771#primaryimage\"},\"thumbnailUrl\":\"https:\/\/stereovisiondedios.com\/wp-content\/uploads\/2024\/11\/WhatsApp-Image-2025-08-14-at-11.33.30-PM-300x150.jpeg\",\"datePublished\":\"2024-11-27T16:17:41+00:00\",\"dateModified\":\"2025-08-19T18:28:02+00:00\",\"breadcrumb\":{\"@id\":\"https:\/\/stereovisiondedios.com\/?page_id=771#breadcrumb\"},\"inLanguage\":\"es\",\"potentialAction\":[{\"@type\":\"ReadAction\",\"target\":[\"https:\/\/stereovisiondedios.com\/?page_id=771\"]}]},{\"@type\":\"ImageObject\",\"inLanguage\":\"es\",\"@id\":\"https:\/\/stereovisiondedios.com\/?page_id=771#primaryimage\",\"url\":\"https:\/\/stereovisiondedios.com\/wp-content\/uploads\/2024\/11\/WhatsApp-Image-2025-08-14-at-11.33.30-PM-300x150.jpeg\",\"contentUrl\":\"https:\/\/stereovisiondedios.com\/wp-content\/uploads\/2024\/11\/WhatsApp-Image-2025-08-14-at-11.33.30-PM-300x150.jpeg\"},{\"@type\":\"BreadcrumbList\",\"@id\":\"https:\/\/stereovisiondedios.com\/?page_id=771#breadcrumb\",\"itemListElement\":[{\"@type\":\"ListItem\",\"position\":1,\"name\":\"Home\",\"item\":\"https:\/\/stereovisiondedios.com\/\"},{\"@type\":\"ListItem\",\"position\":2,\"name\":\"Programacion Radial\"}]},{\"@type\":\"WebSite\",\"@id\":\"https:\/\/stereovisiondedios.com\/#website\",\"url\":\"https:\/\/stereovisiondedios.com\/\",\"name\":\"Stereo Visi\u00f3n de Dios\",\"description\":\"Conectate...\",\"publisher\":{\"@id\":\"https:\/\/stereovisiondedios.com\/#organization\"},\"potentialAction\":[{\"@type\":\"SearchAction\",\"target\":{\"@type\":\"EntryPoint\",\"urlTemplate\":\"https:\/\/stereovisiondedios.com\/?s={search_term_string}\"},\"query-input\":{\"@type\":\"PropertyValueSpecification\",\"valueRequired\":true,\"valueName\":\"search_term_string\"}}],\"inLanguage\":\"es\"},{\"@type\":\"Organization\",\"@id\":\"https:\/\/stereovisiondedios.com\/#organization\",\"name\":\"Radio Stereo Visi\u00f3n de Dios\",\"url\":\"https:\/\/stereovisiondedios.com\/\",\"logo\":{\"@type\":\"ImageObject\",\"inLanguage\":\"es\",\"@id\":\"https:\/\/stereovisiondedios.com\/#\/schema\/logo\/image\/\",\"url\":\"https:\/\/stereovisiondedios.com\/wp-content\/uploads\/2024\/10\/www.fmhorizontesalta.com_.ar-5-1.png\",\"contentUrl\":\"https:\/\/stereovisiondedios.com\/wp-content\/uploads\/2024\/10\/www.fmhorizontesalta.com_.ar-5-1.png\",\"width\":555,\"height\":114,\"caption\":\"Radio Stereo Visi\u00f3n de Dios\"},\"image\":{\"@id\":\"https:\/\/stereovisiondedios.com\/#\/schema\/logo\/image\/\"},\"sameAs\":[\"https:\/\/www.facebook.com\/visiondedios106.9fm\",\"https:\/\/www.tiktok.com\/@vision_de_dios_106_9_fm\",\"https:\/\/www.youtube.com\/@radiovisiondediosstereo106.9\"]}]}<\/script>\n<!-- \/ Yoast SEO Premium plugin. -->","yoast_head_json":{"title":"Programacion Radial - Stereo Visi\u00f3n de Dios","robots":{"index":"index","follow":"follow","max-snippet":"max-snippet:-1","max-image-preview":"max-image-preview:large","max-video-preview":"max-video-preview:-1"},"canonical":"https:\/\/stereovisiondedios.com\/?page_id=771","og_locale":"es_ES","og_type":"article","og_title":"Programacion Radial","og_description":"PROGRAMACI\u00d3N SEMANAL Lunes Martes Mi\u00e9rcoles Jueves Viernes S\u00e1bado Domingo UNA VOZ DE ESPERANZA 21:00 &#8211; La Union El Salvador ver programa NOCHES ALEGRES 20:00 &#8211; LA MEJOR MUSICA ver programa CAMINO A LA NUEVA JERUSALEN 07:00 &#8211; ver programa AMIGUITOS DEL REY (INFANTIL) 14:00 &#8211; ver programa ALTAR DE ORACION 03:00 &#8211; ver programa RANCHERITAS [&hellip;]","og_url":"https:\/\/stereovisiondedios.com\/?page_id=771","og_site_name":"Stereo Visi\u00f3n de Dios","article_publisher":"https:\/\/www.facebook.com\/visiondedios106.9fm","article_modified_time":"2025-08-19T18:28:02+00:00","og_image":[{"url":"https:\/\/stereovisiondedios.com\/wp-content\/uploads\/2024\/11\/WhatsApp-Image-2025-08-14-at-11.33.30-PM-300x150.jpeg","type":"","width":"","height":""}],"twitter_card":"summary_large_image","twitter_misc":{"Tiempo de lectura":"3 minutos"},"schema":{"@context":"https:\/\/schema.org","@graph":[{"@type":"WebPage","@id":"https:\/\/stereovisiondedios.com\/?page_id=771","url":"https:\/\/stereovisiondedios.com\/?page_id=771","name":"Programacion Radial - Stereo Visi\u00f3n de Dios","isPartOf":{"@id":"https:\/\/stereovisiondedios.com\/#website"},"primaryImageOfPage":{"@id":"https:\/\/stereovisiondedios.com\/?page_id=771#primaryimage"},"image":{"@id":"https:\/\/stereovisiondedios.com\/?page_id=771#primaryimage"},"thumbnailUrl":"https:\/\/stereovisiondedios.com\/wp-content\/uploads\/2024\/11\/WhatsApp-Image-2025-08-14-at-11.33.30-PM-300x150.jpeg","datePublished":"2024-11-27T16:17:41+00:00","dateModified":"2025-08-19T18:28:02+00:00","breadcrumb":{"@id":"https:\/\/stereovisiondedios.com\/?page_id=771#breadcrumb"},"inLanguage":"es","potentialAction":[{"@type":"ReadAction","target":["https:\/\/stereovisiondedios.com\/?page_id=771"]}]},{"@type":"ImageObject","inLanguage":"es","@id":"https:\/\/stereovisiondedios.com\/?page_id=771#primaryimage","url":"https:\/\/stereovisiondedios.com\/wp-content\/uploads\/2024\/11\/WhatsApp-Image-2025-08-14-at-11.33.30-PM-300x150.jpeg","contentUrl":"https:\/\/stereovisiondedios.com\/wp-content\/uploads\/2024\/11\/WhatsApp-Image-2025-08-14-at-11.33.30-PM-300x150.jpeg"},{"@type":"BreadcrumbList","@id":"https:\/\/stereovisiondedios.com\/?page_id=771#breadcrumb","itemListElement":[{"@type":"ListItem","position":1,"name":"Home","item":"https:\/\/stereovisiondedios.com\/"},{"@type":"ListItem","position":2,"name":"Programacion Radial"}]},{"@type":"WebSite","@id":"https:\/\/stereovisiondedios.com\/#website","url":"https:\/\/stereovisiondedios.com\/","name":"Stereo Visi\u00f3n de Dios","description":"Conectate...","publisher":{"@id":"https:\/\/stereovisiondedios.com\/#organization"},"potentialAction":[{"@type":"SearchAction","target":{"@type":"EntryPoint","urlTemplate":"https:\/\/stereovisiondedios.com\/?s={search_term_string}"},"query-input":{"@type":"PropertyValueSpecification","valueRequired":true,"valueName":"search_term_string"}}],"inLanguage":"es"},{"@type":"Organization","@id":"https:\/\/stereovisiondedios.com\/#organization","name":"Radio Stereo Visi\u00f3n de Dios","url":"https:\/\/stereovisiondedios.com\/","logo":{"@type":"ImageObject","inLanguage":"es","@id":"https:\/\/stereovisiondedios.com\/#\/schema\/logo\/image\/","url":"https:\/\/stereovisiondedios.com\/wp-content\/uploads\/2024\/10\/www.fmhorizontesalta.com_.ar-5-1.png","contentUrl":"https:\/\/stereovisiondedios.com\/wp-content\/uploads\/2024\/10\/www.fmhorizontesalta.com_.ar-5-1.png","width":555,"height":114,"caption":"Radio Stereo Visi\u00f3n de Dios"},"image":{"@id":"https:\/\/stereovisiondedios.com\/#\/schema\/logo\/image\/"},"sameAs":["https:\/\/www.facebook.com\/visiondedios106.9fm","https:\/\/www.tiktok.com\/@vision_de_dios_106_9_fm","https:\/\/www.youtube.com\/@radiovisiondediosstereo106.9"]}]}},"_links":{"self":[{"href":"https:\/\/stereovisiondedios.com\/index.php?rest_route=\/wp\/v2\/pages\/771","targetHints":{"allow":["GET"]}}],"collection":[{"href":"https:\/\/stereovisiondedios.com\/index.php?rest_route=\/wp\/v2\/pages"}],"about":[{"href":"https:\/\/stereovisiondedios.com\/index.php?rest_route=\/wp\/v2\/types\/page"}],"author":[{"embeddable":true,"href":"https:\/\/stereovisiondedios.com\/index.php?rest_route=\/wp\/v2\/users\/2"}],"replies":[{"embeddable":true,"href":"https:\/\/stereovisiondedios.com\/index.php?rest_route=%2Fwp%2Fv2%2Fcomments&post=771"}],"version-history":[{"count":0,"href":"https:\/\/stereovisiondedios.com\/index.php?rest_route=\/wp\/v2\/pages\/771\/revisions"}],"wp:attachment":[{"href":"https:\/\/stereovisiondedios.com\/index.php?rest_route=%2Fwp%2Fv2%2Fmedia&parent=771"}],"curies":[{"name":"wp","href":"https:\/\/api.w.org\/{rel}","templated":true}]}}